{"id":104,"date":"2015-02-24T18:08:36","date_gmt":"2015-02-24T18:08:36","guid":{"rendered":"http:\/\/demos.volovar.net\/beautyspot.wp\/demo2\/?page_id=104"},"modified":"2025-06-04T09:44:51","modified_gmt":"2025-06-04T09:44:51","slug":"services","status":"publish","type":"page","link":"https:\/\/elsel.ee\/et\/services\/","title":{"rendered":"Teenused"},"content":{"rendered":"<div class=\"wpb-content-wrapper\"><p>[vc_row el_id=&#8221;services-menu&#8221;][vc_column]<p><a href=\"https:\/\/elsel.ee\/services\"  class=\"c-button m-normal m-color-1 m-type-1\">K\u00f5ik<\/a><\/p><p><a href=\"#cosmetician\"  class=\"c-button m-normal m-color-1 m-type-1\">Kulmud &amp; ripsmed<\/a><\/p><p><a href=\"#hairdressing\"  class=\"c-button m-normal m-color-1 m-type-1\">Juuksuri teenused<\/a><\/p><p><a href=\"#nails\"  class=\"c-button m-normal m-color-1 m-type-1\">K\u00fc\u00fcned<\/a><\/p><p><a href=\"#massage\"  class=\"c-button m-normal m-color-1 m-type-1\">Massaa\u017e<\/a><\/p><p><a href=\"#piercing\"  class=\"c-button m-normal m-color-1 m-type-1\">Augustamine<\/a><\/p><p><a href=\"#tan\"  class=\"c-button m-normal m-color-1 m-type-1\">Solaarium<\/a><\/p><p><a href=\"#cosmetics\"  class=\"c-button m-normal m-color-1 m-type-1\">Kosmeetika m\u00fc\u00fck ja konstulteerimine<\/a><\/p><hr class=\"c-divider normal m-transparent\" >[\/vc_column][\/vc_row][vc_row][vc_column]<hr class=\"c-divider normal m-transparent\" >[vc_column_text el_id=&#8221;cosmetician&#8221;]<\/p>\n<h2 id=\"cosmetics\">Kulmud &amp; ripsmed<\/h2>\n<p>[\/vc_column_text][vc_row_inner][vc_column_inner width=&#8221;1\/6&#8243;]<div class=\"c-image\"><img decoding=\"async\" src=\"https:\/\/elsel.ee\/wp-content\/uploads\/2025\/06\/eyebrow-and-lashes-800x800.jpg\" class=\" rounded\" title=\"\" alt=\"\" \/><\/div>[\/vc_column_inner][vc_column_inner width=&#8221;5\/6&#8243;]<ul class=\"c-accordion \"><li><h3 class=\"accordion-title\">Kulmude hooldus<\/h3><div class=\"accordion-content\"><table>\n<tbody>\n<tr>\n<td>Kulmude korrigeerimine<\/td>\n<td class=\"textalign-right\"><\/td>\n<\/tr>\n<tr>\n<td>Kulmude v\u00e4rvimine<\/td>\n<td class=\"textalign-right\"><\/td>\n<\/tr>\n<\/tbody>\n<\/table>\n<\/div><\/li><li><h3 class=\"accordion-title\">Ripsmete hooldus<\/h3><div class=\"accordion-content\"><table>\n<tbody>\n<tr>\n<td>Ripsmete pikendus<\/td>\n<td class=\"textalign-right\"><\/td>\n<\/tr>\n<tr>\n<td>Ripsmete korrigeerimine<\/td>\n<td class=\"textalign-right\"><\/td>\n<\/tr>\n<\/tbody>\n<\/table>\n<\/div><\/li><\/ul>[\/vc_column_inner][\/vc_row_inner]<hr class=\"c-divider m-medium m-transparent\" >[vc_column_text el_id=&#8221;hairdressing&#8221;]<\/p>\n<h2 id=\"hairdressing\">Juuksuri teenused<\/h2>\n<p>[\/vc_column_text][vc_row_inner][vc_column_inner width=&#8221;1\/6&#8243;]<div class=\"c-image\"><div style=\"max-width: 200px;\"><img decoding=\"async\" src=\"https:\/\/elsel.ee\/wp-content\/uploads\/2025\/06\/hairdresser-shop-800x800.jpg\" class=\" rounded\" title=\"\" alt=\"\" \/><\/div><\/div>[\/vc_column_inner][vc_column_inner width=&#8221;5\/6&#8243;]<ul class=\"c-accordion \"><li><h3 class=\"accordion-title\">Juuste poleerimine<\/h3><div class=\"accordion-content\"><div class=\"accordion-content\">\n<p>Juuste poleerimisprotseduur &#8220;HG POLISHEN&#8221; poleerimisotsiku abil.<\/p>\n<p>Parim lahendus katkistele juusteotstele: kiire, efektiivne ja veatu.<\/p>\n<ul>\n<li>100% katkiste otste eemaldus.<\/li>\n<li>Mis k\u00f5ige t\u00e4htsam, protseduur eemaldab 90%-100% katkiseid otsi kogu juuste pikkuse ulatuses.<\/li>\n<li>Juuste esialgne pikkus s\u00e4ilib maksimaalselt (mis on eriti hea neile, kes soovivad kasvatada juukseid pikkemaks v\u00f5i ei soovi ilmaj\u00e4\u00e4da pikkusest).<\/li>\n<li>Juuste l\u00f5ikus kestab 20-40 minutit ja l\u00f5igatakse vaid otsi, 0,3-1 cm.<\/li>\n<li>Juuksed n\u00e4evad v\u00e4lja ideaalsed.<\/li>\n<\/ul>\n<p>&#8220;HG POLISHEN&#8221; otsikuga saate v\u00e4rskendada enda l\u00f5ikust ja eemaldada kahjustatud otsad, s\u00e4ilitades maksimaalse pikkuse. Tulemus s\u00e4ilib 3-6 kuud.<\/p>\n<\/div>\n<\/div><\/li><li><h3 class=\"accordion-title\">Botox Juustele<\/h3><div class=\"accordion-content\"><p>B.Toxkare Botox hooldus, kahjustatud, t\u00f6\u00f6deldud, kuivadele ja rikutud juustele.<\/p>\n<\/div><\/li><li><h3 class=\"accordion-title\">Juuksepikendus<\/h3><div class=\"accordion-content\"><\/div><\/li><li><h3 class=\"accordion-title\">Juuste lamineerimine<\/h3><div class=\"accordion-content\"><\/div><\/li><li><h3 class=\"accordion-title\">Naistesaal<\/h3><div class=\"accordion-content\"><table style=\"height: 206px;\" width=\"219\">\n<tbody>\n<tr>\n<td>Juuste pesemine<\/td>\n<td class=\"textalign-right\"><\/td>\n<\/tr>\n<tr>\n<td>Tavaline l\u00f5ikus<\/td>\n<td class=\"textalign-right\"><\/td>\n<\/tr>\n<tr>\n<td>L\u00f5ikus keskmine juustele<\/td>\n<td class=\"textalign-right\"><\/td>\n<\/tr>\n<tr>\n<td>L\u00f5ikus pikkadele juustele<\/td>\n<td class=\"textalign-right\"><\/td>\n<\/tr>\n<tr>\n<td>Stiilimuutus<\/td>\n<td class=\"textalign-right\"><\/td>\n<\/tr>\n<tr>\n<td>Tuka l\u00f5ikus<\/td>\n<td class=\"textalign-right\"><\/td>\n<\/tr>\n<tr>\n<td>Kuumak\u00e4\u00e4ril\u00f5ikus<\/td>\n<td class=\"textalign-right\"><\/td>\n<\/tr>\n<\/tbody>\n<\/table>\n<\/div><\/li><li><h3 class=\"accordion-title\">Soeng<\/h3><div class=\"accordion-content\"><table>\n<tbody>\n<tr>\n<td>Sirgendamine<\/td>\n<td class=\"textalign-right\"><\/td>\n<\/tr>\n<tr>\n<td>F\u00f6\u00f6nisoeng<\/td>\n<td class=\"textalign-right\"><\/td>\n<\/tr>\n<tr>\n<td>Rullisoeng<\/td>\n<td class=\"textalign-right\"><\/td>\n<\/tr>\n<tr>\n<td>Pidulik soeng<\/td>\n<td class=\"textalign-right\"><\/td>\n<\/tr>\n<tr>\n<td>Pulmasoeng<\/td>\n<td class=\"textalign-right\"><\/td>\n<\/tr>\n<\/tbody>\n<\/table>\n<\/div><\/li><li><h3 class=\"accordion-title\">Keratiinihooldus<\/h3><div class=\"accordion-content\"><p>Alter Ego ultraheli seadmega IRON REPAIR<\/p>\n<\/div><\/li><li><h3 class=\"accordion-title\">V\u00e4rvimine<\/h3><div class=\"accordion-content\"><table>\n<tbody>\n<tr>\n<td>Juuste v\u00e4rvimine<\/td>\n<td class=\"textalign-right\"><\/td>\n<\/tr>\n<tr>\n<td>V\u00e4rvi eemaldus 1h (pluss materjal)<\/td>\n<td class=\"textalign-right\"><\/td>\n<\/tr>\n<tr>\n<td>Tekstuurne v\u00e4rvimine<\/td>\n<td class=\"textalign-right\"><\/td>\n<\/tr>\n<tr>\n<td>Salkude v\u00e4rvimine m\u00fctsiga (pluss materjal)<\/td>\n<td class=\"textalign-right\"><\/td>\n<\/tr>\n<tr>\n<td>Salgutamine (pluss materjal)<\/td>\n<td class=\"textalign-right\"><\/td>\n<\/tr>\n<\/tbody>\n<\/table>\n<\/div><\/li><li><h3 class=\"accordion-title\">Keemiline lokk<\/h3><div class=\"accordion-content\"><table>\n<tbody>\n<tr>\n<td>L\u00fchikesetele juustele<\/td>\n<td class=\"textalign-right\"><\/td>\n<\/tr>\n<tr>\n<td>Pikkadele juustele (pluss materjal)<\/td>\n<td class=\"textalign-right\"><\/td>\n<\/tr>\n<tr>\n<td>Osaline keemiline lokk<\/td>\n<td class=\"textalign-right\"><\/td>\n<\/tr>\n<\/tbody>\n<\/table>\n<\/div><\/li><li><h3 class=\"accordion-title\">Kuumak\u00e4\u00e4ril\u00f5ikus<\/h3><div class=\"accordion-content\"><\/div><\/li><li><h3 class=\"accordion-title\">Teenused Meestele<\/h3><div class=\"accordion-content\"><table>\n<tbody>\n<tr>\n<td>Juuste pesemine<\/td>\n<td class=\"textalign-right\"><\/td>\n<\/tr>\n<tr>\n<td>Tavaline l\u00f5ikus<\/td>\n<td class=\"textalign-right\"><\/td>\n<\/tr>\n<tr>\n<td>Masinl\u00f5ikus<\/td>\n<td class=\"textalign-right\"><\/td>\n<\/tr>\n<tr>\n<td>Mudell\u00f5ikus<\/td>\n<td class=\"textalign-right\"><\/td>\n<\/tr>\n<tr>\n<td>Stiilimuutus<\/td>\n<td class=\"textalign-right\"><\/td>\n<\/tr>\n<tr>\n<td>Vuntside piiramine<\/td>\n<td class=\"textalign-right\"><\/td>\n<\/tr>\n<tr>\n<td>Habeme piiramine<\/td>\n<td class=\"textalign-right\"><\/td>\n<\/tr>\n<\/tbody>\n<\/table>\n<\/div><\/li><li><h3 class=\"accordion-title\">Juuste v\u00e4rvimine meestele<\/h3><div class=\"accordion-content\"><table>\n<tbody>\n<tr>\n<td>Juuste toonimine<\/td>\n<td class=\"textalign-right\"><\/td>\n<\/tr>\n<tr>\n<td>Juuste v\u00e4rvimine<\/td>\n<td class=\"textalign-right\"><\/td>\n<\/tr>\n<tr>\n<td>Salgutamine<\/td>\n<td class=\"textalign-right\"><\/td>\n<\/tr>\n<tr>\n<td>Juuste pesu ja kuivatus<\/td>\n<td class=\"textalign-right\"><\/td>\n<\/tr>\n<\/tbody>\n<\/table>\n<\/div><\/li><li><h3 class=\"accordion-title\">Teenused Lastele<\/h3><div class=\"accordion-content\"><table>\n<tbody>\n<tr>\n<td>Juuste pesemine<\/td>\n<td class=\"textalign-right\"><\/td>\n<\/tr>\n<tr>\n<td>Laste juuksel\u00f5ikus (kuni 12a)<\/td>\n<td class=\"textalign-right\"><\/td>\n<\/tr>\n<tr>\n<td>Laste pidulik soeng (kuni 12a)<\/td>\n<td class=\"textalign-right\"><\/td>\n<\/tr>\n<tr>\n<td>Punutised<\/td>\n<td class=\"textalign-right\"><\/td>\n<\/tr>\n<\/tbody>\n<\/table>\n<\/div><\/li><\/ul>[\/vc_column_inner][\/vc_row_inner]<hr class=\"c-divider m-medium m-transparent\" >[vc_column_text el_id=&#8221;nails&#8221;]<\/p>\n<h2>K\u00fc\u00fcned<\/h2>\n<p>[\/vc_column_text][vc_row_inner][vc_column_inner width=&#8221;1\/6&#8243;]<div class=\"c-image\"><div style=\"max-width: 200px;\"><img decoding=\"async\" src=\"https:\/\/elsel.ee\/wp-content\/uploads\/2025\/06\/nails--800x800.png\" class=\" rounded\" title=\"\" alt=\"\" \/><\/div><\/div>[\/vc_column_inner][vc_column_inner width=&#8221;5\/6&#8243;]<ul class=\"c-accordion \"><li><h3 class=\"accordion-title\">Manik\u00fc\u00fcr<\/h3><div class=\"accordion-content\"><table>\n<tbody>\n<tr>\n<td>Klassikaline manik\u00fc\u00fcr<\/td>\n<td class=\"textalign-right\"><\/td>\n<\/tr>\n<tr>\n<td>Geellakk<\/td>\n<td class=\"textalign-right\"><\/td>\n<\/tr>\n<tr>\n<td>Kunstk\u00fc\u00fcnte paigaldus<\/td>\n<td class=\"textalign-right\"><\/td>\n<\/tr>\n<tr>\n<td>Kunstk\u00fc\u00fcnte hooldus<\/td>\n<td class=\"textalign-right\"><\/td>\n<\/tr>\n<tr>\n<td>Kunstk\u00fc\u00fcnte eemaldamine<\/td>\n<td class=\"textalign-right\"><\/td>\n<\/tr>\n<tr>\n<td>Elektrilised spaa kindad k\u00e4tele<\/td>\n<td class=\"textalign-right\"><\/td>\n<\/tr>\n<tr>\n<td>Parafiinvann k\u00e4tele<\/td>\n<td class=\"textalign-right\"><\/td>\n<\/tr>\n<\/tbody>\n<\/table>\n<\/div><\/li><li><h3 class=\"accordion-title\">Pedik\u00fc\u00fcr<\/h3><div class=\"accordion-content\"><table>\n<tbody>\n<tr>\n<td>Pedik\u00fc\u00fcr<\/td>\n<td class=\"textalign-right\"><\/td>\n<\/tr>\n<tr>\n<td>Pedik\u00fc\u00fcr meestele<\/td>\n<td class=\"textalign-right\"><\/td>\n<\/tr>\n<\/tbody>\n<\/table>\n<\/div><\/li><\/ul>[\/vc_column_inner][\/vc_row_inner]<hr class=\"c-divider m-medium m-transparent\" >[vc_column_text el_id=&#8221;massage&#8221;]<\/p>\n<h2>Massaa\u017e<\/h2>\n<p>[\/vc_column_text][vc_row_inner][vc_column_inner width=&#8221;1\/6&#8243;]<div class=\"c-image\"><div style=\"max-width: 200px;\"><img decoding=\"async\" src=\"https:\/\/elsel.ee\/wp-content\/uploads\/2025\/06\/two-cute-young-women-skin-care-treatment-spa-800x800.jpg\" class=\" rounded\" title=\"Two cute young women during a skin care treatment at a spa.\" alt=\"\" \/><\/div><\/div>[\/vc_column_inner][vc_column_inner width=&#8221;5\/6&#8243;]<ul class=\"c-accordion \"><li><h3 class=\"accordion-title\">Massaa\u017e<\/h3><div class=\"accordion-content\"><table style=\"height: 377px;\" width=\"346\">\n<tbody>\n<tr>\n<td>Seljamassaa\u017e<\/td>\n<td class=\"textalign-right\"><\/td>\n<\/tr>\n<tr>\n<td>Aroomimassaa\u017e<\/td>\n<td class=\"textalign-right\"><\/td>\n<\/tr>\n<tr>\n<td>Guasha massa\u017e<\/td>\n<td class=\"textalign-right\"><\/td>\n<\/tr>\n<tr>\n<td>\u00dcld massaa\u017e<\/td>\n<td class=\"textalign-right\"><\/td>\n<\/tr>\n<tr>\n<td>Tai massaa\u017e<\/td>\n<td class=\"textalign-right\"><\/td>\n<\/tr>\n<tr>\n<td>Meemassaa\u017e<\/td>\n<td class=\"textalign-right\"><\/td>\n<\/tr>\n<tr>\n<td>Teipiteraapia<\/td>\n<td class=\"textalign-right\"><\/td>\n<\/tr>\n<\/tbody>\n<\/table>\n<\/div><\/li><\/ul>[\/vc_column_inner][\/vc_row_inner]<hr class=\"c-divider m-medium m-transparent\" >[vc_column_text el_id=&#8221;piercing&#8221;]<\/p>\n<h2>Augustamine<\/h2>\n<p>[\/vc_column_text][vc_row_inner][vc_column_inner width=&#8221;1\/6&#8243;]<div class=\"c-image\"><div style=\"max-width: 200px;\"><img decoding=\"async\" src=\"https:\/\/elsel.ee\/wp-content\/uploads\/2025\/06\/piercings-800x800.jpg\" class=\" rounded\" title=\"\" alt=\"\" \/><\/div><\/div>[\/vc_column_inner][vc_column_inner width=&#8221;5\/6&#8243;]<ul class=\"c-accordion \"><li><h3 class=\"accordion-title\">Augustamine<\/h3><div class=\"accordion-content\"><table>\n<tbody>\n<tr>\n<td>K\u00f5rvaaugud p\u00fcstoliga Blomdahl<\/td>\n<td class=\"textalign-right\"><\/td>\n<\/tr>\n<tr>\n<td>K\u00f5rvaaugud p\u00fcstoliga Studex 75<\/td>\n<td class=\"textalign-right\"><\/td>\n<\/tr>\n<tr>\n<td>Ninar\u00f5nga paigaldus<\/td>\n<td class=\"textalign-right\"><\/td>\n<\/tr>\n<\/tbody>\n<\/table>\n<\/div><\/li><\/ul>[\/vc_column_inner][\/vc_row_inner]<hr class=\"c-divider m-medium m-transparent\" >[vc_column_text el_id=&#8221;tan&#8221;]<\/p>\n<h2>Solaarium<\/h2>\n<p>[\/vc_column_text][vc_row_inner][vc_column_inner width=&#8221;1\/6&#8243;]<div class=\"c-image\"><div style=\"max-width: 200px;\"><img decoding=\"async\" src=\"https:\/\/elsel.ee\/wp-content\/uploads\/2025\/06\/solarium-800x800.jpg\" class=\" rounded\" title=\"\" alt=\"\" \/><\/div><\/div>[\/vc_column_inner][vc_column_inner width=&#8221;5\/6&#8243;]<ul class=\"c-accordion \"><li><h3 class=\"accordion-title\">Intensiivne turbo solaarium<\/h3><div class=\"accordion-content\"><\/div><\/li><\/ul>[\/vc_column_inner][\/vc_row_inner]<hr class=\"c-divider m-medium m-transparent\" >[vc_column_text el_id=&#8221;cosmetics&#8221;]<\/p>\n<h2>Kosmeetika m\u00fc\u00fck ja konstulteerimine<\/h2>\n<p>[\/vc_column_text][vc_row_inner][vc_column_inner width=&#8221;1\/6&#8243;]<div class=\"c-image\"><div style=\"max-width: 200px;\"><img decoding=\"async\" src=\"https:\/\/elsel.ee\/wp-content\/uploads\/2025\/06\/cosemtic-800x800.jpg\" class=\" rounded\" title=\"\" alt=\"\" \/><\/div><\/div>[\/vc_column_inner][vc_column_inner width=&#8221;5\/6&#8243;]<ul class=\"c-accordion \"><li><h3 class=\"accordion-title\">Professionaalsed juuksehooldustooted<\/h3><div class=\"accordion-content\"><\/div><\/li><\/ul><ul class=\"c-accordion \"><li><h3 class=\"accordion-title\">Kvaliteetsed nahahooldustooted<\/h3><div class=\"accordion-content\"><\/div><\/li><\/ul>[\/vc_column_inner][\/vc_row_inner][\/vc_column][\/vc_row]<\/p>\n<\/div>","protected":false},"excerpt":{"rendered":"<p>[vc_row el_id=&#8221;services-menu&#8221;][vc_column][\/vc_column][\/vc_row][vc_row][vc_column][vc_column_text el_id=&#8221;cosmetician&#8221;] Kulmud &amp; ripsmed [\/vc_column_text][vc_row_inner][vc_column_inner width=&#8221;1\/6&#8243;][\/vc_column_inner][vc_column_inner width=&#8221;5\/6&#8243;][\/vc_column_inner][\/vc_row_inner][vc_column_text el_id=&#8221;hairdressing&#8221;] Juuksuri teenused [\/vc_column_text][vc_row_inner][vc_column_inner width=&#8221;1\/6&#8243;][\/vc_column_inner][vc_column_inner width=&#8221;5\/6&#8243;][\/vc_column_inner][\/vc_row_inner][vc_column_text el_id=&#8221;nails&#8221;] K\u00fc\u00fcned [\/vc_column_text][vc_row_inner][vc_column_inner width=&#8221;1\/6&#8243;][\/vc_column_inner][vc_column_inner width=&#8221;5\/6&#8243;][\/vc_column_inner][\/vc_row_inner][vc_column_text el_id=&#8221;massage&#8221;] Massaa\u017e [\/vc_column_text][vc_row_inner][vc_column_inner width=&#8221;1\/6&#8243;][\/vc_column_inner][vc_column_inner width=&#8221;5\/6&#8243;][\/vc_column_inner][\/vc_row_inner][vc_column_text el_id=&#8221;piercing&#8221;] Augustamine [\/vc_column_text][vc_row_inner][vc_column_inner width=&#8221;1\/6&#8243;][\/vc_column_inner][vc_column_inner width=&#8221;5\/6&#8243;][\/vc_column_inner][\/vc_row_inner][vc_column_text el_id=&#8221;tan&#8221;] Solaarium [\/vc_column_text][vc_row_inner][vc_column_inner width=&#8221;1\/6&#8243;][\/vc_column_inner][vc_column_inner width=&#8221;5\/6&#8243;][\/vc_column_inner][\/vc_row_inner][vc_column_text el_id=&#8221;cosmetics&#8221;] Kosmeetika m\u00fc\u00fck ja konstulteerimine [\/vc_column_text][vc_row_inner][vc_column_inner width=&#8221;1\/6&#8243;][\/vc_column_inner][vc_column_inner width=&#8221;5\/6&#8243;][\/vc_column_inner][\/vc_row_inner][\/vc_column][\/vc_row]<\/p>\n","protected":false},"author":2,"featured_media":106,"parent":0,"menu_order":0,"comment_status":"open","ping_status":"open","template":"","meta":{"footnotes":""},"class_list":["post-104","page","type-page","status-publish","has-post-thumbnail","hentry"],"_links":{"self":[{"href":"https:\/\/elsel.ee\/et\/wp-json\/wp\/v2\/pages\/104","targetHints":{"allow":["GET"]}}],"collection":[{"href":"https:\/\/elsel.ee\/et\/wp-json\/wp\/v2\/pages"}],"about":[{"href":"https:\/\/elsel.ee\/et\/wp-json\/wp\/v2\/types\/page"}],"author":[{"embeddable":true,"href":"https:\/\/elsel.ee\/et\/wp-json\/wp\/v2\/users\/2"}],"replies":[{"embeddable":true,"href":"https:\/\/elsel.ee\/et\/wp-json\/wp\/v2\/comments?post=104"}],"version-history":[{"count":89,"href":"https:\/\/elsel.ee\/et\/wp-json\/wp\/v2\/pages\/104\/revisions"}],"predecessor-version":[{"id":1027,"href":"https:\/\/elsel.ee\/et\/wp-json\/wp\/v2\/pages\/104\/revisions\/1027"}],"wp:featuredmedia":[{"embeddable":true,"href":"https:\/\/elsel.ee\/et\/wp-json\/"}],"wp:attachment":[{"href":"https:\/\/elsel.ee\/et\/wp-json\/wp\/v2\/media?parent=104"}],"curies":[{"name":"wp","href":"https:\/\/api.w.org\/{rel}","templated":true}]}}