{"id":32,"date":"2015-02-24T16:11:43","date_gmt":"2015-02-24T16:11:43","guid":{"rendered":"http:\/\/demos.volovar.net\/beautyspot.wp\/demo2\/?page_id=32"},"modified":"2025-06-04T14:00:07","modified_gmt":"2025-06-04T14:00:07","slug":"about-us","status":"publish","type":"page","link":"https:\/\/elsel.ee\/et\/about-us\/","title":{"rendered":"Meist"},"content":{"rendered":"<div class=\"wpb-content-wrapper\"><p>[vc_row][vc_column][vc_row_inner][vc_column_inner width=&#8221;1\/2&#8243;][vc_column_text]<\/p>\n<h3 style=\"color: #f04d6f;\"><strong>Meie stuudiost<\/strong><\/h3>\n<p style=\"text-align: justify;\" data-start=\"2650\" data-end=\"2955\">Asutatud aastal 2013., <strong data-start=\"2673\" data-end=\"2690\">El Sel Stuudio<\/strong> on kaasaegne ilusalong ja ilupood, mille rajas naine, kelle kirg on muuta luksuslikud iluteenindused lihtsasti k\u00e4ttesaadavaks nii naistele kui meestele. K\u00f5ik sai alguse soovist \u00fchendada kvaliteeti, mugavust ja taskukohasust \u2014 ning on n\u00fc\u00fcdseks kasvanud usaldusv\u00e4\u00e4rseks iluhoolduse sihtkohaks.<\/p>\n<p style=\"text-align: justify;\" data-start=\"2957\" data-end=\"3273\"><strong data-start=\"2957\" data-end=\"2974\">El Sel Stuudio<\/strong> pakub laia valikut professionaalseid teenuseid, sealhulgas juuksehooldust, k\u00fc\u00fcnehooldust, massaa\u017ei, p\u00e4evitamist, augustamist ja palju muud. K\u00f5ik teenused on saadaval avaras, stiilselt kujundatud ilusalongis, mis loodi koost\u00f6\u00f6s sisekujundajaga. Sisse astudes tunnete end kohe oodatuna, l\u00f5\u00f5gastunud ja hoolitsetuna.<\/p>\n<p style=\"text-align: justify;\" data-start=\"3275\" data-end=\"3510\">Lisaks teenustele pakume ka hoolikalt valitud kvaliteetseid ilu- ja nahahooldustooteid nii kohalike kui rahvusvaheliste kaubam\u00e4rkide poolt, sealhulgas populaarseid Korea nahahooldustooteid \u2014 et saaksite s\u00e4ilitada enda s\u00e4ra salongik\u00fclastuste vahel.<\/p>\n<p style=\"text-align: justify;\" data-start=\"3512\" data-end=\"3701\">Otsid sa kiiret v\u00e4rskendust v\u00f5i t\u00e4ielikku iluhooldust, <strong data-start=\"3567\" data-end=\"3584\">El Sel Stuudio<\/strong> on siin, et tuua esile sinu parim mina. Alusta oma iluteekonda koos El Sel Stuudioga.<\/p>\n<p><span style=\"color: #f04d6f;\"><strong>Me kingime sulle r\u00f5\u00f5mu!<\/strong><\/span>[\/vc_column_text][\/vc_column_inner][vc_column_inner width=&#8221;1\/2&#8243;]<div class=\"c-image\"><img decoding=\"async\" src=\"https:\/\/elsel.ee\/wp-content\/uploads\/2019\/01\/gallery_08.jpg\" class=\" abt-img1\" title=\"\" alt=\"\" \/><\/div><div class=\"c-image\"><img decoding=\"async\" src=\"https:\/\/elsel.ee\/wp-content\/uploads\/2019\/01\/about_us.jpg\" class=\" abt-img2\" title=\"\" alt=\"\" \/><\/div>[\/vc_column_inner][\/vc_row_inner]<hr class=\"c-divider m-medium m-transparent\" ><hr class=\"c-divider m-x-small\" ><hr class=\"c-divider m-medium m-transparent\" >[vc_row_inner][vc_column_inner width=&#8221;1\/2&#8243;]<div class=\"c-image\"><img decoding=\"async\" src=\"https:\/\/elsel.ee\/wp-content\/uploads\/2025\/06\/owner.jpeg\" class=\" owner-img\" title=\"\" alt=\"\" \/><\/div>[\/vc_column_inner][vc_column_inner width=&#8221;1\/2&#8243;][vc_column_text]<\/p>\n<h3 style=\"color: #f04d6f;\"><strong>Meie omanikust<\/strong><\/h3>\n<p style=\"text-align: justify;\" data-start=\"3739\" data-end=\"4208\">El Sel Stuudio s\u00fcdames on selle asutaja, <strong data-start=\"3784\" data-end=\"3810\">Nade\u017eda Mamedguseinova<\/strong> \u2014 kirglik ilufanaat, kes omab rohkem kui 30 aastat t\u00f6\u00f6kogemust juuksurina ning enam kui 20 aastat edukat salongi juhtimiskogemust. Tal on \u00fcle 30 tunnistuse erinevates iluteeninduse valdkondades, mis teeb temast oma ala t\u00f5elise eksperdi. Aastate jooksul on ta teenindanud laia ja rahvusvahelist kliendibaasi, sealhulgas p\u00fcsikliente Hispaaniast, Soomest, Venemaalt, L\u00e4tist, Hollandist, Suurbritanniast ja L\u00f5una-Koreast.<\/p>\n<p style=\"text-align: justify;\" data-start=\"4210\" data-end=\"4377\">Lisaks enda igap\u00e4evasele t\u00f6\u00f6le salongis jagab ta oma teadmisi ka teiste iluspetsialistidega, viies l\u00e4bi koolitusi ja t\u00f6\u00f6tubasid, eesm\u00e4rgiga t\u00f5sta iluvaldkonna teenuste \u00fcle\u00fcldist kvaliteeti.<\/p>\n<p style=\"text-align: justify;\" data-start=\"4379\" data-end=\"4605\">Tema s\u00fcgav ja ekspertlik teadmine professionaalsetest ja kvaliteetsetest ilutoodetest juhib iga br\u00e4ndi ja toote valikut El Sel Stuudio salongis \u2014 tagades, et iga esindatav toode on t\u00f5hus, ohutu ja toitev nii juustele, nahale, kui ka kehale.<\/p>\n<p style=\"text-align: justify;\" data-start=\"4607\" data-end=\"4938\">T\u00f5elisest armastusest ilu vastu ja siirast hoolivusest klientide heaolu eest, valib ta k\u00f5ik teenused ja tooted hoolikalt \u2014 pidades silmas mitte ainult seda, mis n\u00e4eb hea v\u00e4lja, vaid ka seda, mis on pikas perspektiivis tervisele parim. Tema jaoks t\u00e4hendab ilu enesekindlust, hoolivust ja isikup\u00e4rast l\u00e4henemist igale inimesele.<\/p>\n<p>[\/vc_column_text][\/vc_column_inner][\/vc_row_inner][\/vc_column][\/vc_row]<\/p>\n<\/div>","protected":false},"excerpt":{"rendered":"<p>[vc_row][vc_column][vc_row_inner][vc_column_inner width=&#8221;1\/2&#8243;][vc_column_text] Meie stuudiost Asutatud aastal 2013., El Sel Stuudio on kaasaegne ilusalong ja ilupood, mille rajas naine, kelle kirg on muuta luksuslikud iluteenindused lihtsasti k\u00e4ttesaadavaks nii naistele kui meestele. K\u00f5ik sai alguse soovist \u00fchendada kvaliteeti, mugavust ja taskukohasust \u2014 ning on n\u00fc\u00fcdseks kasvanud usaldusv\u00e4\u00e4rseks iluhoolduse sihtkohaks. El Sel Stuudio pakub laia valikut professionaalseid teenuseid, [&hellip;]<\/p>\n","protected":false},"author":2,"featured_media":0,"parent":0,"menu_order":0,"comment_status":"open","ping_status":"open","template":"","meta":{"footnotes":""},"class_list":["post-32","page","type-page","status-publish","hentry"],"_links":{"self":[{"href":"https:\/\/elsel.ee\/et\/wp-json\/wp\/v2\/pages\/32","targetHints":{"allow":["GET"]}}],"collection":[{"href":"https:\/\/elsel.ee\/et\/wp-json\/wp\/v2\/pages"}],"about":[{"href":"https:\/\/elsel.ee\/et\/wp-json\/wp\/v2\/types\/page"}],"author":[{"embeddable":true,"href":"https:\/\/elsel.ee\/et\/wp-json\/wp\/v2\/users\/2"}],"replies":[{"embeddable":true,"href":"https:\/\/elsel.ee\/et\/wp-json\/wp\/v2\/comments?post=32"}],"version-history":[{"count":57,"href":"https:\/\/elsel.ee\/et\/wp-json\/wp\/v2\/pages\/32\/revisions"}],"predecessor-version":[{"id":1065,"href":"https:\/\/elsel.ee\/et\/wp-json\/wp\/v2\/pages\/32\/revisions\/1065"}],"wp:attachment":[{"href":"https:\/\/elsel.ee\/et\/wp-json\/wp\/v2\/media?parent=32"}],"curies":[{"name":"wp","href":"https:\/\/api.w.org\/{rel}","templated":true}]}}