{"id":423,"date":"2019-01-12T12:14:04","date_gmt":"2019-01-12T12:14:04","guid":{"rendered":"https:\/\/elsel.ee\/?page_id=423"},"modified":"2019-03-02T18:49:33","modified_gmt":"2019-03-02T18:49:33","slug":"privacy-policy","status":"publish","type":"page","link":"https:\/\/elsel.ee\/et\/privacy-policy\/","title":{"rendered":"Privaatsuspoliitika"},"content":{"rendered":"<div class=\"wpb-content-wrapper\"><p>[vc_row][vc_column][vc_column_text]<\/p>\n<h2>KES ME OLEME<\/h2>\n<p>El Sel Stuudio \u2013 stuudio, mis sisaldab endas terviklikku ilusalongi assortimenti. Meie salong pakub professionaalseid juuksuriteenuseid, samuti ka kosmetoloogia-, k\u00fc\u00fcnehooldus-, massaazi-, solaariumi-, needistamisteenuseid, ning palju muud. Me teeme oma t\u00f6\u00f6d, et aidata Teil s\u00e4ilitada enda ilu, leida oma stiil ning imidz.<\/p>\n<p>Meie aadress: <strong>Tuuslari 15 Kohtla-J\u00e4rve 30322 Ida-Viru maakond<\/strong><br \/>\nMeie veebileht: <a href=\"https:\/\/elsel.ee\"><strong>https:\/\/elsel.ee<\/strong><\/a>.<\/p>\n<p>[\/vc_column_text][vc_column_text]<\/p>\n<h2>MILLISEID ISIKLIKKE ANDMEID ME KOGUME NING MILLEKS<\/h2>\n<p>El Sel Studio ei kogu mingeid isiklikke andmeid. Kontakti vorm on kasutusel vaid Teiega suhtlemiseks. Samuti antud veebileht kautab k\u00fcpsiseid ainult Teie mugavuse otstarbeks.<\/p>\n<p>[\/vc_column_text][vc_column_text]<\/p>\n<h2>KONTAKTIVORMID<\/h2>\n<p>Kasutades kontaktivormi meiega suhtlemiseks saadate Te meile enda nime, postiaadressi, telefoni (kohustuslik v\u00e4li) ja s\u00f5numi. Andmed s\u00e4ilivad meie serveris mitte v\u00e4hem kui 2 aastat. Me kasutame Teie andmeid ainult eesm\u00e4rgil vastata Teie k\u00fcsimustele. Me ei saada meili kaudu teatisi Teie loata ja ei kasuta Teie andmeid reklameerimise eesm\u00e4rgil.[\/vc_column_text][vc_column_text]<\/p>\n<h2>K\u00dcPSISED<\/h2>\n<p>Kui Te kasutate meie veebilehte, toimub Teie brauseri keele automaatne salvestamine. Seda tehakse ainult Teie mugavuseks, et j\u00e4rgneval avamisel kuvataks veebileht Teie valitud keeles.[\/vc_column_text][vc_column_text]<\/p>\n<h2>TEISTE VEEBILEHTEDE SISU KUVAMINE<\/h2>\n<p>Veebilehel sisalduv info v\u00f5ib sisaldada endas teiste veebilehtede sisu (nt. video, pildid, artiklid, jms). Taolise sisu kuvamine sarnaneb teiste lehtede k\u00fclastamisele.<br \/>\nNeed veebilehed v\u00f5ivad koguda Teie andmeid, kasutada k\u00fcpsiseid, h\u00f5lmata kolmanda osapoolset j\u00e4lgimist, ning j\u00e4lgida Teie tegevust teistel veebilehtedel, kui teil on sealne kasutaja ja olete end sel lehel autoriseerinud.<\/p>\n<p>[\/vc_column_text][vc_column_text]<\/p>\n<h2>KELLEGA ME JAGAME TEIE ANDMEID<\/h2>\n<p>El Sel Studio ei kogu ega jaga isklikke andmeid.<\/p>\n<p>[\/vc_column_text][vc_column_text]<\/p>\n<h2>KUI KAUA ME S\u00c4ILITAME TEIE ANDMEID<\/h2>\n<p>Kontaktvormi kaudu saadetud kirjad s\u00e4ilivad meie serveris kaua. See on vajalik, et muuta suhtlus ja teenuseosutamine kvaliteetsemaks .[\/vc_column_text][vc_column_text]<\/p>\n<h2>MEIE KONTAKTANDMED<\/h2>\n<p>K\u00fcsimuste korral (ka konfidentsiaalsuse kohta) saate v\u00f5tta meiega \u00fchendust saates kirja aadressile <a href=\"mailto:info@elsel.ee\">info@elsel.ee<\/a> v\u00f5i helistades telefoninumbrile &#8211; <strong>(+372) 51 15 551<\/strong><\/p>\n<p>[\/vc_column_text][\/vc_column][\/vc_row]<\/p>\n<\/div>","protected":false},"excerpt":{"rendered":"<p>[vc_row][vc_column][vc_column_text] KES ME OLEME El Sel Stuudio \u2013 stuudio, mis sisaldab endas terviklikku ilusalongi assortimenti. Meie salong pakub professionaalseid juuksuriteenuseid, samuti ka kosmetoloogia-, k\u00fc\u00fcnehooldus-, massaazi-, solaariumi-, needistamisteenuseid, ning palju muud. Me teeme oma t\u00f6\u00f6d, et aidata Teil s\u00e4ilitada enda ilu, leida oma stiil ning imidz. Meie aadress: Tuuslari 15 Kohtla-J\u00e4rve 30322 Ida-Viru maakond Meie veebileht: [&hellip;]<\/p>\n","protected":false},"author":2,"featured_media":0,"parent":0,"menu_order":0,"comment_status":"closed","ping_status":"closed","template":"","meta":{"footnotes":""},"class_list":["post-423","page","type-page","status-publish","hentry"],"_links":{"self":[{"href":"https:\/\/elsel.ee\/et\/wp-json\/wp\/v2\/pages\/423","targetHints":{"allow":["GET"]}}],"collection":[{"href":"https:\/\/elsel.ee\/et\/wp-json\/wp\/v2\/pages"}],"about":[{"href":"https:\/\/elsel.ee\/et\/wp-json\/wp\/v2\/types\/page"}],"author":[{"embeddable":true,"href":"https:\/\/elsel.ee\/et\/wp-json\/wp\/v2\/users\/2"}],"replies":[{"embeddable":true,"href":"https:\/\/elsel.ee\/et\/wp-json\/wp\/v2\/comments?post=423"}],"version-history":[{"count":21,"href":"https:\/\/elsel.ee\/et\/wp-json\/wp\/v2\/pages\/423\/revisions"}],"predecessor-version":[{"id":477,"href":"https:\/\/elsel.ee\/et\/wp-json\/wp\/v2\/pages\/423\/revisions\/477"}],"wp:attachment":[{"href":"https:\/\/elsel.ee\/et\/wp-json\/wp\/v2\/media?parent=423"}],"curies":[{"name":"wp","href":"https:\/\/api.w.org\/{rel}","templated":true}]}}