{"id":879,"date":"2025-06-04T05:41:19","date_gmt":"2025-06-04T05:41:19","guid":{"rendered":"https:\/\/elsel.ee\/?page_id=879"},"modified":"2025-06-05T01:19:59","modified_gmt":"2025-06-05T01:19:59","slug":"products","status":"publish","type":"page","link":"https:\/\/elsel.ee\/et\/products\/","title":{"rendered":"Tooted"},"content":{"rendered":"<div class=\"wpb-content-wrapper\"><p>[vc_row][vc_column][vc_column_text]<\/p>\n<p style=\"text-align: justify; text-justify: inter-word; hyphens: auto; word-spacing: normal;\">I am text block. Click edit button to change this text. Lorem ipsum dolor sit amet, consectetur adipiscing elit. Ut elit tellus, luctus nec ullamcorper mattis, pulvinar dapibus leo.<\/p>\n<p>[\/vc_column_text][\/vc_column][\/vc_row][vc_row wrap_in_container=&#8221;yes&#8221;][vc_column]<div class=\"c-carousel taller-service-row\"  data-items=\"4\" data-items-desktop=\"4\" data-items-desktop-small=\"3\" data-items-tablet=\"2\" data-items-mobile=\"1\"><div class=\"c-carousel-items\"><div class=\"c-service \"><div class=\"service-image\"><img decoding=\"async\" src=\"https:\/\/elsel.ee\/wp-content\/uploads\/2025\/06\/atomy-products.jpg\" alt=\"\"><\/div><h3 class=\"service-title\">Korea naha- ja kehahooldus<\/h3><div class=\"service-description\">\n<p style=\"text-align: justify; text-justify: inter-word; hyphens: auto; word-spacing: normal;\">Korea tooted on tuntud oma k\u00f5rgekvaliteetsete looduslike koostisosade ja arenenud nahahooldusteaduse poolest. Meie tootevalikusse kuuluvad nahahooldus-, juuksehooldus-, isikliku h\u00fcgieeni tooted ning terviselisandid.<\/p>\n<\/div><\/div><div class=\"c-service \"><div class=\"service-image\"><img decoding=\"async\" src=\"https:\/\/elsel.ee\/wp-content\/uploads\/2025\/06\/makeup-prod-800x800.jpg\" alt=\"\"><\/div><h3 class=\"service-title\">Korea meigitooted<\/h3><div class=\"service-description\">\n<p style=\"text-align: justify; text-justify: inter-word; hyphens: auto; word-spacing: normal;\">Korea jumestustooted on tuntud oma uuenduslike koostiste poolest, mis \u00fchendavad nahahoolduse ja loomuliku katvuse. Need tooted panevad r\u00f5hku naha tervisele, kasutades \u00f5rna koostist ilu esilet\u00f5stmiseks.<\/p>\n<\/div><\/div><div class=\"c-service \"><div class=\"service-image\"><img decoding=\"async\" src=\"https:\/\/elsel.ee\/wp-content\/uploads\/2025\/06\/alterego-products.jpg\" alt=\"\"><\/div><h3 class=\"service-title\">Professionaalsed juuksehooldustooted<\/h3><div class=\"service-description\">\n<p style=\"text-align: justify; text-justify: inter-word; hyphens: auto; word-spacing: normal;\">Meie professionaalne juuksehooldussari aitab erinevate juukseprobleemide korral, sealhulgas tundlikkus, juuste v\u00e4ljalangemine, v\u00e4rvikaitse, keemilised kahjustused, kuivus ja juuste \u00fcldine tervis. Ekspertide poolt valitud tooted pakuvad sihitud lahendusi igale juukset\u00fc\u00fcbile ja murele.<\/p>\n<\/div><\/div><div class=\"c-service \"><div class=\"service-image\"><img decoding=\"async\" src=\"https:\/\/elsel.ee\/wp-content\/uploads\/2025\/06\/perfumes-pro.png\" alt=\"\"><\/div><h3 class=\"service-title\">Parf\u00fc\u00fcmid ja difuusorid<\/h3><div class=\"service-description\">\n<p style=\"text-align: justify; text-justify: inter-word; hyphens: auto; word-spacing: normal;\">Hoolikalt valitud taskukohaste parf\u00fc\u00fcmide kollektsioon, mis on inspireeritud luksusbr\u00e4ndidest. Meie valikusse kuuluvad ka elegantsed kodudifuuserid ja v\u00e4rskendavad autoaroomid. Naudi luksuslikke l\u00f5hnu ilma k\u00f5rge hinnasildita.<\/p>\n<\/div><\/div><\/div><\/div><div class=\"c-carousel taller-service-row\"  data-items=\"4\" data-items-desktop=\"4\" data-items-desktop-small=\"3\" data-items-tablet=\"2\" data-items-mobile=\"1\"><div class=\"c-carousel-items\"><div class=\"c-service \"><div class=\"service-image\"><img decoding=\"async\" src=\"https:\/\/elsel.ee\/wp-content\/uploads\/2025\/06\/tanning-prod-800x800.jpg\" alt=\"\"><\/div><h3 class=\"service-title\">P\u00e4evitamine ja p\u00e4ikesekaitse<\/h3><div class=\"service-description\">\n<p style=\"text-align: justify; text-justify: inter-word; hyphens: auto; word-spacing: normal;\">Austraalia p\u00e4ikesekaitsetooted on tuntud oma rangete standardite ja arenenud uuenduste poolest p\u00e4ikesekaitse vallas. Need kvaliteetsed tooted toidavad nahka ja pakuvad laia spektriga UV-kaitset \u2014 sobivad suurep\u00e4raselt nii ohutuks p\u00e4evitamiseks kui igap\u00e4evaseks p\u00e4ikesekaitseks.<\/p>\n<\/div><\/div><div class=\"c-service \"><div class=\"service-image\"><img decoding=\"async\" src=\"https:\/\/elsel.ee\/wp-content\/uploads\/2025\/06\/cosmetics-800x800.jpg\" alt=\"\"><\/div><h3 class=\"service-title\">Orgaanilised bio tooted<\/h3><div class=\"service-description\">\n<p style=\"text-align: justify; text-justify: inter-word; hyphens: auto; word-spacing: normal;\">Avasta meie valik mahe- ja bio-sertifitseeritud ilutooteid \u2014 100% vegan, julmusevabad ja loodud looduslike, nahas\u00f5bralike koostisosadega. T\u00e4iuslik valik neile, kes hoolivad puhastest koostistest.<\/p>\n<\/div><\/div><div class=\"c-service \"><div class=\"service-image\"><img decoding=\"async\" src=\"https:\/\/elsel.ee\/wp-content\/uploads\/2025\/06\/jewelery-prod-800x800.jpg\" alt=\"\"><\/div><h3 class=\"service-title\">H\u00fcpoallergeensed ehted<\/h3><div class=\"service-description\">\n<p style=\"text-align: justify; text-justify: inter-word; hyphens: auto; word-spacing: normal;\">K\u00f5rgekvaliteediline ehted, mis on spetsiaalselt loodud augustuste jaoks \u2014 ohutud igap\u00e4evaseks kandmiseks, \u00f5rnad nahale ning sobivad nii v\u00e4rsketele kui ka paranenud augustustele. Valmistatud allergiavabadest ja mittepleekivatest materjalidest, mis tagavad p\u00fcsiva s\u00e4ra ilma \u00e4rrituseta.<\/p>\n<\/div><\/div><div class=\"c-service \"><div class=\"service-image\"><img decoding=\"async\" src=\"https:\/\/elsel.ee\/wp-content\/uploads\/2025\/06\/18.10_1-800x800.webp\" alt=\"\"><\/div><h3 class=\"service-title\">Kosmeetika meestele<\/h3><div class=\"service-description\">\n<p style=\"text-align: justify; text-justify: inter-word; hyphens: auto; word-spacing: normal;\">Meeste juuksehooldusele p\u00fchendatud tootevalik, mis sisaldab \u0161ampoone, viimistlusvahendeid ja toitvaid hooldusi nii juustele kui ka habemele. Olgu sinu eesm\u00e4rk hoolitsetud v\u00e4limus v\u00f5i terve igap\u00e4evane hooldus, meie valik aitab sul alati v\u00e4lja n\u00e4ha parim.<\/p>\n<\/div><\/div><\/div><\/div>[\/vc_column][\/vc_row][vc_row][vc_column]<hr class=\"c-divider m-medium m-transparent\" ><hr class=\"c-divider m-x-small\" ><hr class=\"c-divider m-large m-transparent\" >[\/vc_column][\/vc_row][vc_row][vc_column width=&#8221;2\/3&#8243;][vc_column_text]<\/p>\n<h3>Broneeri tasuta konsultatsioon<\/h3>\n<p style=\"text-align: justify; text-justify: inter-word; hyphens: auto; word-spacing: normal;\" data-start=\"763\" data-end=\"1096\">Iga naha- v\u00f5i juuksemure on ainulaadne \u2014 ja nii on ka selle lahendus. Seet\u00f5ttu pakume tasuta konsultatsioone meie iluspetsialistidega, et aidata sul leida just sinu vajadustele vastavad tooted. Olgu tegu kuivuse, vistrike, tundlikkuse v\u00f5i juuksekahjustustega \u2014 meie eksperdid juhendavad sind t\u00f5husate ja personaalsete lahendusteni.<\/p>\n<p style=\"text-align: justify; text-justify: inter-word; hyphens: auto; word-spacing: normal;\" data-start=\"1098\" data-end=\"1233\">Broneeri oma tasuta konsultatsioon juba t\u00e4na ja l\u00f5peta oletamine oma ilurutiinis.<\/p>\n<p><span style=\"color: #f04d6f;\"><strong>Oleme siin, et aidata sul enesekindlalt s\u00e4rada!<\/strong><\/span>[\/vc_column_text][\/vc_column][vc_column width=&#8221;1\/3&#8243;]<p><a href=\"\/contact\"  data-inview-anim=\"pulse\"  class=\"c-button consultation-btn m-normal m-color-1 m-type-2\">BRONEERI TASUTA KONSULTATSIOON<\/a><\/p><div class=\"c-image\"><img decoding=\"async\" src=\"https:\/\/elsel.ee\/wp-content\/uploads\/2025\/06\/REKL-DARINA.jpg\" class=\" consult-img\" title=\"\" alt=\"\" \/><\/div>[\/vc_column][\/vc_row]<\/p>\n<\/div>","protected":false},"excerpt":{"rendered":"<p>[vc_row][vc_column][vc_column_text] I am text block. Click edit button to change this text. Lorem ipsum dolor sit amet, consectetur adipiscing elit. Ut elit tellus, luctus nec ullamcorper mattis, pulvinar dapibus leo. [\/vc_column_text][\/vc_column][\/vc_row][vc_row wrap_in_container=&#8221;yes&#8221;][vc_column][\/vc_column][\/vc_row][vc_row][vc_column][\/vc_column][\/vc_row][vc_row][vc_column width=&#8221;2\/3&#8243;][vc_column_text] Broneeri tasuta konsultatsioon Iga naha- v\u00f5i juuksemure on ainulaadne \u2014 ja nii on ka selle lahendus. Seet\u00f5ttu pakume tasuta konsultatsioone meie iluspetsialistidega, [&hellip;]<\/p>\n","protected":false},"author":2,"featured_media":0,"parent":0,"menu_order":0,"comment_status":"closed","ping_status":"closed","template":"","meta":{"footnotes":""},"class_list":["post-879","page","type-page","status-publish","hentry"],"_links":{"self":[{"href":"https:\/\/elsel.ee\/et\/wp-json\/wp\/v2\/pages\/879","targetHints":{"allow":["GET"]}}],"collection":[{"href":"https:\/\/elsel.ee\/et\/wp-json\/wp\/v2\/pages"}],"about":[{"href":"https:\/\/elsel.ee\/et\/wp-json\/wp\/v2\/types\/page"}],"author":[{"embeddable":true,"href":"https:\/\/elsel.ee\/et\/wp-json\/wp\/v2\/users\/2"}],"replies":[{"embeddable":true,"href":"https:\/\/elsel.ee\/et\/wp-json\/wp\/v2\/comments?post=879"}],"version-history":[{"count":95,"href":"https:\/\/elsel.ee\/et\/wp-json\/wp\/v2\/pages\/879\/revisions"}],"predecessor-version":[{"id":1104,"href":"https:\/\/elsel.ee\/et\/wp-json\/wp\/v2\/pages\/879\/revisions\/1104"}],"wp:attachment":[{"href":"https:\/\/elsel.ee\/et\/wp-json\/wp\/v2\/media?parent=879"}],"curies":[{"name":"wp","href":"https:\/\/api.w.org\/{rel}","templated":true}]}}